{"id":10,"date":"2025-12-26T12:28:05","date_gmt":"2025-12-26T12:28:05","guid":{"rendered":"https:\/\/salehicamisetas.rkinformatika.online\/?page_id=10"},"modified":"2025-12-29T16:17:03","modified_gmt":"2025-12-29T16:17:03","slug":"inicio","status":"publish","type":"page","link":"https:\/\/salehicamisetas.com\/en\/","title":{"rendered":"Home"},"content":{"rendered":"<div data-elementor-type=\"wp-page\" data-elementor-id=\"10\" class=\"elementor elementor-10\" data-elementor-post-type=\"page\">\n\t\t\t\t<div class=\"elementor-element elementor-element-7aac354 e-con-full animated-slow e-flex elementor-invisible e-con e-parent\" data-id=\"7aac354\" data-element_type=\"container\" data-e-type=\"container\" data-settings=\"{&quot;background_background&quot;:&quot;classic&quot;,&quot;animation&quot;:&quot;fadeIn&quot;}\">\n\t\t<div class=\"elementor-element elementor-element-b573b30 animated-slow e-flex e-con-boxed elementor-invisible e-con e-child\" data-id=\"b573b30\" data-element_type=\"container\" data-e-type=\"container\" data-settings=\"{&quot;animation&quot;:&quot;fadeIn&quot;}\">\n\t\t\t\t\t<div class=\"e-con-inner\">\n\t\t\t\t<div class=\"elementor-element elementor-element-b48a97d elementor-widget elementor-widget-heading\" data-id=\"b48a97d\" data-element_type=\"widget\" data-e-type=\"widget\" data-widget_type=\"heading.default\">\n\t\t\t\t\t<h2 class=\"elementor-heading-title elementor-size-default\">Fashion that speaks for you<\/h2>\t\t\t\t<\/div>\n\t\t\t\t\t<\/div>\n\t\t\t\t<\/div>\n\t\t\t\t<\/div>\n\t\t<div class=\"elementor-element elementor-element-44be257 e-flex e-con-boxed e-con e-parent\" data-id=\"44be257\" data-element_type=\"container\" data-e-type=\"container\">\n\t\t\t\t\t<div class=\"e-con-inner\">\n\t\t<div class=\"elementor-element elementor-element-77ad52f e-con-full e-flex e-con e-child\" data-id=\"77ad52f\" data-element_type=\"container\" data-e-type=\"container\">\n\t\t\t\t<div class=\"elementor-element elementor-element-7ab854e elementor-invisible elementor-widget elementor-widget-heading\" data-id=\"7ab854e\" data-element_type=\"widget\" data-e-type=\"widget\" data-settings=\"{&quot;_animation&quot;:&quot;fadeInDown&quot;}\" data-widget_type=\"heading.default\">\n\t\t\t\t\t<h2 class=\"elementor-heading-title elementor-size-default\">About us<\/h2>\t\t\t\t<\/div>\n\t\t\t\t<div class=\"elementor-element elementor-element-ab11bb7 elementor-widget__width-initial elementor-invisible elementor-widget elementor-widget-text-editor\" data-id=\"ab11bb7\" data-element_type=\"widget\" data-e-type=\"widget\" data-settings=\"{&quot;_animation&quot;:&quot;fadeInUp&quot;}\" data-widget_type=\"text-editor.default\">\n\t\t\t\t\t\t\t\t\t<p>At Salehi, we specialize in selling trendy young clothing and accessories, and we also offer professional screen printing services. We believe in style, creativity, and personalization to make every garment unique.<\/p><p>Salehi began as a clothing and accessories store, expanding its offerings to include a personalized textile printing service. Our goal is to unite fashion and design so our customers can express their identity through clothing.<\/p>\t\t\t\t\t\t\t\t<\/div>\n\t\t\t\t<\/div>\n\t\t<div class=\"elementor-element elementor-element-2508342 e-con-full e-flex e-con e-child\" data-id=\"2508342\" data-element_type=\"container\" data-e-type=\"container\">\n\t\t\t\t<div class=\"elementor-element elementor-element-c2b07bd elementor-widget elementor-widget-image\" data-id=\"c2b07bd\" data-element_type=\"widget\" data-e-type=\"widget\" data-widget_type=\"image.default\">\n\t\t\t\t\t\t\t\t\t\t\t\t\t\t\t<img fetchpriority=\"high\" decoding=\"async\" width=\"942\" height=\"696\" src=\"https:\/\/salehicamisetas.com\/wp-content\/uploads\/2025\/12\/Captura-desde-2025-12-29-17-16-44.png\" class=\"attachment-full size-full wp-image-275\" alt=\"\" srcset=\"https:\/\/salehicamisetas.com\/wp-content\/uploads\/2025\/12\/Captura-desde-2025-12-29-17-16-44.png 942w, https:\/\/salehicamisetas.com\/wp-content\/uploads\/2025\/12\/Captura-desde-2025-12-29-17-16-44-300x222.png 300w, https:\/\/salehicamisetas.com\/wp-content\/uploads\/2025\/12\/Captura-desde-2025-12-29-17-16-44-768x567.png 768w, https:\/\/salehicamisetas.com\/wp-content\/uploads\/2025\/12\/Captura-desde-2025-12-29-17-16-44-16x12.png 16w\" sizes=\"(max-width: 942px) 100vw, 942px\" \/>\t\t\t\t\t\t\t\t\t\t\t\t\t\t\t<\/div>\n\t\t\t\t<\/div>\n\t\t\t\t\t<\/div>\n\t\t\t\t<\/div>\n\t\t<div class=\"elementor-element elementor-element-2a5c70e animated-slow e-flex e-con-boxed elementor-invisible e-con e-parent\" data-id=\"2a5c70e\" data-element_type=\"container\" data-e-type=\"container\" data-settings=\"{&quot;animation&quot;:&quot;fadeIn&quot;}\">\n\t\t\t\t\t<div class=\"e-con-inner\">\n\t\t<div class=\"elementor-element elementor-element-d8a3d12 e-con-full e-flex elementor-invisible e-con e-child\" data-id=\"d8a3d12\" data-element_type=\"container\" data-e-type=\"container\" data-settings=\"{&quot;animation&quot;:&quot;fadeIn&quot;}\">\n\t\t\t\t<div class=\"elementor-element elementor-element-a7f6ebb elementor-widget elementor-widget-heading\" data-id=\"a7f6ebb\" data-element_type=\"widget\" data-e-type=\"widget\" data-widget_type=\"heading.default\">\n\t\t\t\t\t<h2 class=\"elementor-heading-title elementor-size-default\">Young fashion and custom textile printing<\/h2>\t\t\t\t<\/div>\n\t\t\t\t<\/div>\n\t\t\t\t<div class=\"elementor-element elementor-element-5a365ff elementor-align-center elementor-invisible elementor-widget elementor-widget-button\" data-id=\"5a365ff\" data-element_type=\"widget\" data-e-type=\"widget\" data-settings=\"{&quot;_animation&quot;:&quot;fadeInUp&quot;}\" data-widget_type=\"button.default\">\n\t\t\t\t\t\t\t\t\t\t<a class=\"elementor-button elementor-button-link elementor-size-sm\" href=\"https:\/\/salehicamisetas.com\/en\/productos\/\">\n\t\t\t\t\t\t<span class=\"elementor-button-content-wrapper\">\n\t\t\t\t\t\t\t\t\t<span class=\"elementor-button-text\">See Products<\/span>\n\t\t\t\t\t<\/span>\n\t\t\t\t\t<\/a>\n\t\t\t\t\t\t\t\t<\/div>\n\t\t\t\t\t<\/div>\n\t\t\t\t<\/div>\n\t\t\t\t<\/div>","protected":false},"excerpt":{"rendered":"<p>Moda que habla de ti Sobre nosotros En Salehi nos dedicamos a la venta de ropa y complementos de moda joven, adem\u00e1s de ofrecer un servicio profesional de impresi\u00f3n textil mediante serigraf\u00eda. Apostamos por el estilo, la creatividad y la personalizaci\u00f3n para que cada prenda sea \u00fanica. Salehi nace como un comercio especializado en ropa [&hellip;]<\/p>\n","protected":false},"author":1,"featured_media":0,"parent":0,"menu_order":0,"comment_status":"closed","ping_status":"closed","template":"","meta":{"footnotes":""},"class_list":["post-10","page","type-page","status-publish","hentry"],"yoast_head":"<!-- This site is optimized with the Yoast SEO plugin v27.4 - https:\/\/yoast.com\/product\/yoast-seo-wordpress\/ -->\n<title>Inicio - Salehi Camisetas<\/title>\n<meta name=\"robots\" content=\"index, follow, max-snippet:-1, max-image-preview:large, max-video-preview:-1\" \/>\n<link rel=\"canonical\" href=\"https:\/\/salehicamisetas.com\/en\/\" \/>\n<meta property=\"og:locale\" content=\"en_GB\" \/>\n<meta property=\"og:type\" content=\"article\" \/>\n<meta property=\"og:title\" content=\"Inicio - Salehi Camisetas\" \/>\n<meta property=\"og:description\" content=\"Moda que habla de ti Sobre nosotros En Salehi nos dedicamos a la venta de ropa y complementos de moda joven, adem\u00e1s de ofrecer un servicio profesional de impresi\u00f3n textil mediante serigraf\u00eda. Apostamos por el estilo, la creatividad y la personalizaci\u00f3n para que cada prenda sea \u00fanica. Salehi nace como un comercio especializado en ropa [&hellip;]\" \/>\n<meta property=\"og:url\" content=\"https:\/\/salehicamisetas.com\/en\/\" \/>\n<meta property=\"og:site_name\" content=\"Salehi Camisetas\" \/>\n<meta property=\"article:modified_time\" content=\"2025-12-29T16:17:03+00:00\" \/>\n<meta property=\"og:image\" content=\"https:\/\/salehicamisetas.com\/wp-content\/uploads\/2025\/12\/Captura-desde-2025-12-29-17-16-44.png\" \/>\n<meta name=\"twitter:card\" content=\"summary_large_image\" \/>\n<meta name=\"twitter:label1\" content=\"Estimated reading time\" \/>\n\t<meta name=\"twitter:data1\" content=\"1 minute\" \/>\n<script type=\"application\/ld+json\" class=\"yoast-schema-graph\">{\"@context\":\"https:\\\/\\\/schema.org\",\"@graph\":[{\"@type\":\"WebPage\",\"@id\":\"https:\\\/\\\/salehicamisetas.com\\\/\",\"url\":\"https:\\\/\\\/salehicamisetas.com\\\/\",\"name\":\"Inicio - Salehi Camisetas\",\"isPartOf\":{\"@id\":\"https:\\\/\\\/salehicamisetas.com\\\/#website\"},\"primaryImageOfPage\":{\"@id\":\"https:\\\/\\\/salehicamisetas.com\\\/#primaryimage\"},\"image\":{\"@id\":\"https:\\\/\\\/salehicamisetas.com\\\/#primaryimage\"},\"thumbnailUrl\":\"https:\\\/\\\/salehicamisetas.com\\\/wp-content\\\/uploads\\\/2025\\\/12\\\/Captura-desde-2025-12-29-17-16-44.png\",\"datePublished\":\"2025-12-26T12:28:05+00:00\",\"dateModified\":\"2025-12-29T16:17:03+00:00\",\"breadcrumb\":{\"@id\":\"https:\\\/\\\/salehicamisetas.com\\\/#breadcrumb\"},\"inLanguage\":\"en-GB\",\"potentialAction\":[{\"@type\":\"ReadAction\",\"target\":[\"https:\\\/\\\/salehicamisetas.com\\\/\"]}]},{\"@type\":\"ImageObject\",\"inLanguage\":\"en-GB\",\"@id\":\"https:\\\/\\\/salehicamisetas.com\\\/#primaryimage\",\"url\":\"https:\\\/\\\/salehicamisetas.com\\\/wp-content\\\/uploads\\\/2025\\\/12\\\/Captura-desde-2025-12-29-17-16-44.png\",\"contentUrl\":\"https:\\\/\\\/salehicamisetas.com\\\/wp-content\\\/uploads\\\/2025\\\/12\\\/Captura-desde-2025-12-29-17-16-44.png\"},{\"@type\":\"BreadcrumbList\",\"@id\":\"https:\\\/\\\/salehicamisetas.com\\\/#breadcrumb\",\"itemListElement\":[{\"@type\":\"ListItem\",\"position\":1,\"name\":\"Portada\",\"item\":\"https:\\\/\\\/salehicamisetas.com\\\/\"},{\"@type\":\"ListItem\",\"position\":2,\"name\":\"Inicio\"}]},{\"@type\":\"WebSite\",\"@id\":\"https:\\\/\\\/salehicamisetas.com\\\/#website\",\"url\":\"https:\\\/\\\/salehicamisetas.com\\\/\",\"name\":\"Salehi Camisetas\",\"description\":\"Venta de ropa .moda joven e Impresion (serigrafia) textil\",\"publisher\":{\"@id\":\"https:\\\/\\\/salehicamisetas.com\\\/#organization\"},\"potentialAction\":[{\"@type\":\"SearchAction\",\"target\":{\"@type\":\"EntryPoint\",\"urlTemplate\":\"https:\\\/\\\/salehicamisetas.com\\\/?s={search_term_string}\"},\"query-input\":{\"@type\":\"PropertyValueSpecification\",\"valueRequired\":true,\"valueName\":\"search_term_string\"}}],\"inLanguage\":\"en-GB\"},{\"@type\":\"Organization\",\"@id\":\"https:\\\/\\\/salehicamisetas.com\\\/#organization\",\"name\":\"Salehi Camisetas\",\"url\":\"https:\\\/\\\/salehicamisetas.com\\\/\",\"logo\":{\"@type\":\"ImageObject\",\"inLanguage\":\"en-GB\",\"@id\":\"https:\\\/\\\/salehicamisetas.com\\\/#\\\/schema\\\/logo\\\/image\\\/\",\"url\":\"https:\\\/\\\/salehicamisetas.com\\\/wp-content\\\/uploads\\\/2025\\\/12\\\/cropped-salehibilbao202506_logoarriba.jpg\",\"contentUrl\":\"https:\\\/\\\/salehicamisetas.com\\\/wp-content\\\/uploads\\\/2025\\\/12\\\/cropped-salehibilbao202506_logoarriba.jpg\",\"width\":346,\"height\":133,\"caption\":\"Salehi Camisetas\"},\"image\":{\"@id\":\"https:\\\/\\\/salehicamisetas.com\\\/#\\\/schema\\\/logo\\\/image\\\/\"}}]}<\/script>\n<!-- \/ Yoast SEO plugin. -->","yoast_head_json":{"title":"Inicio - Salehi Camisetas","robots":{"index":"index","follow":"follow","max-snippet":"max-snippet:-1","max-image-preview":"max-image-preview:large","max-video-preview":"max-video-preview:-1"},"canonical":"https:\/\/salehicamisetas.com\/en\/","og_locale":"en_GB","og_type":"article","og_title":"Inicio - Salehi Camisetas","og_description":"Moda que habla de ti Sobre nosotros En Salehi nos dedicamos a la venta de ropa y complementos de moda joven, adem\u00e1s de ofrecer un servicio profesional de impresi\u00f3n textil mediante serigraf\u00eda. Apostamos por el estilo, la creatividad y la personalizaci\u00f3n para que cada prenda sea \u00fanica. Salehi nace como un comercio especializado en ropa [&hellip;]","og_url":"https:\/\/salehicamisetas.com\/en\/","og_site_name":"Salehi Camisetas","article_modified_time":"2025-12-29T16:17:03+00:00","og_image":[{"url":"https:\/\/salehicamisetas.com\/wp-content\/uploads\/2025\/12\/Captura-desde-2025-12-29-17-16-44.png","type":"","width":"","height":""}],"twitter_card":"summary_large_image","twitter_misc":{"Estimated reading time":"1 minute"},"schema":{"@context":"https:\/\/schema.org","@graph":[{"@type":"WebPage","@id":"https:\/\/salehicamisetas.com\/","url":"https:\/\/salehicamisetas.com\/","name":"Inicio - Salehi Camisetas","isPartOf":{"@id":"https:\/\/salehicamisetas.com\/#website"},"primaryImageOfPage":{"@id":"https:\/\/salehicamisetas.com\/#primaryimage"},"image":{"@id":"https:\/\/salehicamisetas.com\/#primaryimage"},"thumbnailUrl":"https:\/\/salehicamisetas.com\/wp-content\/uploads\/2025\/12\/Captura-desde-2025-12-29-17-16-44.png","datePublished":"2025-12-26T12:28:05+00:00","dateModified":"2025-12-29T16:17:03+00:00","breadcrumb":{"@id":"https:\/\/salehicamisetas.com\/#breadcrumb"},"inLanguage":"en-GB","potentialAction":[{"@type":"ReadAction","target":["https:\/\/salehicamisetas.com\/"]}]},{"@type":"ImageObject","inLanguage":"en-GB","@id":"https:\/\/salehicamisetas.com\/#primaryimage","url":"https:\/\/salehicamisetas.com\/wp-content\/uploads\/2025\/12\/Captura-desde-2025-12-29-17-16-44.png","contentUrl":"https:\/\/salehicamisetas.com\/wp-content\/uploads\/2025\/12\/Captura-desde-2025-12-29-17-16-44.png"},{"@type":"BreadcrumbList","@id":"https:\/\/salehicamisetas.com\/#breadcrumb","itemListElement":[{"@type":"ListItem","position":1,"name":"Portada","item":"https:\/\/salehicamisetas.com\/"},{"@type":"ListItem","position":2,"name":"Inicio"}]},{"@type":"WebSite","@id":"https:\/\/salehicamisetas.com\/#website","url":"https:\/\/salehicamisetas.com\/","name":"Salehi Camisetas","description":"Venta de ropa .moda joven e Impresion (serigrafia) textil","publisher":{"@id":"https:\/\/salehicamisetas.com\/#organization"},"potentialAction":[{"@type":"SearchAction","target":{"@type":"EntryPoint","urlTemplate":"https:\/\/salehicamisetas.com\/?s={search_term_string}"},"query-input":{"@type":"PropertyValueSpecification","valueRequired":true,"valueName":"search_term_string"}}],"inLanguage":"en-GB"},{"@type":"Organization","@id":"https:\/\/salehicamisetas.com\/#organization","name":"Salehi Camisetas","url":"https:\/\/salehicamisetas.com\/","logo":{"@type":"ImageObject","inLanguage":"en-GB","@id":"https:\/\/salehicamisetas.com\/#\/schema\/logo\/image\/","url":"https:\/\/salehicamisetas.com\/wp-content\/uploads\/2025\/12\/cropped-salehibilbao202506_logoarriba.jpg","contentUrl":"https:\/\/salehicamisetas.com\/wp-content\/uploads\/2025\/12\/cropped-salehibilbao202506_logoarriba.jpg","width":346,"height":133,"caption":"Salehi Camisetas"},"image":{"@id":"https:\/\/salehicamisetas.com\/#\/schema\/logo\/image\/"}}]}},"_links":{"self":[{"href":"https:\/\/salehicamisetas.com\/en\/wp-json\/wp\/v2\/pages\/10","targetHints":{"allow":["GET"]}}],"collection":[{"href":"https:\/\/salehicamisetas.com\/en\/wp-json\/wp\/v2\/pages"}],"about":[{"href":"https:\/\/salehicamisetas.com\/en\/wp-json\/wp\/v2\/types\/page"}],"author":[{"embeddable":true,"href":"https:\/\/salehicamisetas.com\/en\/wp-json\/wp\/v2\/users\/1"}],"replies":[{"embeddable":true,"href":"https:\/\/salehicamisetas.com\/en\/wp-json\/wp\/v2\/comments?post=10"}],"version-history":[{"count":79,"href":"https:\/\/salehicamisetas.com\/en\/wp-json\/wp\/v2\/pages\/10\/revisions"}],"predecessor-version":[{"id":278,"href":"https:\/\/salehicamisetas.com\/en\/wp-json\/wp\/v2\/pages\/10\/revisions\/278"}],"wp:attachment":[{"href":"https:\/\/salehicamisetas.com\/en\/wp-json\/wp\/v2\/media?parent=10"}],"curies":[{"name":"wp","href":"https:\/\/api.w.org\/{rel}","templated":true}]}}