{"id":13,"date":"2025-12-26T12:29:54","date_gmt":"2025-12-26T12:29:54","guid":{"rendered":"https:\/\/salehicamisetas.rkinformatika.online\/?page_id=13"},"modified":"2025-12-29T16:20:05","modified_gmt":"2025-12-29T16:20:05","slug":"productos","status":"publish","type":"page","link":"https:\/\/salehicamisetas.com\/en\/productos\/","title":{"rendered":"Products"},"content":{"rendered":"<div data-elementor-type=\"wp-page\" data-elementor-id=\"13\" class=\"elementor elementor-13\" data-elementor-post-type=\"page\">\n\t\t\t\t<div class=\"elementor-element elementor-element-0277006 e-con-full animated-slow e-flex elementor-invisible e-con e-parent\" data-id=\"0277006\" data-element_type=\"container\" data-e-type=\"container\" data-settings=\"{&quot;background_background&quot;:&quot;classic&quot;,&quot;animation&quot;:&quot;fadeIn&quot;}\">\n\t\t<div class=\"elementor-element elementor-element-075ba5f animated-slow e-flex e-con-boxed elementor-invisible e-con e-child\" data-id=\"075ba5f\" data-element_type=\"container\" data-e-type=\"container\" data-settings=\"{&quot;animation&quot;:&quot;fadeIn&quot;}\">\n\t\t\t\t\t<div class=\"e-con-inner\">\n\t\t\t\t<div class=\"elementor-element elementor-element-d07f7ba elementor-widget elementor-widget-heading\" data-id=\"d07f7ba\" data-element_type=\"widget\" data-e-type=\"widget\" data-widget_type=\"heading.default\">\n\t\t\t\t\t<h2 class=\"elementor-heading-title elementor-size-default\">Personaliza tu estilo<\/h2>\t\t\t\t<\/div>\n\t\t\t\t\t<\/div>\n\t\t\t\t<\/div>\n\t\t\t\t<\/div>\n\t\t<div class=\"elementor-element elementor-element-1848eaa e-flex e-con-boxed e-con e-parent\" data-id=\"1848eaa\" data-element_type=\"container\" data-e-type=\"container\">\n\t\t\t\t\t<div class=\"e-con-inner\">\n\t\t<div class=\"elementor-element elementor-element-0f2971b e-con-full animated-slow e-flex elementor-invisible e-con e-child\" data-id=\"0f2971b\" data-element_type=\"container\" data-e-type=\"container\" data-settings=\"{&quot;animation&quot;:&quot;fadeIn&quot;}\">\n\t\t\t\t<div class=\"elementor-element elementor-element-771e8a1 elementor-widget elementor-widget-heading\" data-id=\"771e8a1\" data-element_type=\"widget\" data-e-type=\"widget\" data-widget_type=\"heading.default\">\n\t\t\t\t\t<h2 class=\"elementor-heading-title elementor-size-default\">Productos y Servicios<\/h2>\t\t\t\t<\/div>\n\t\t\t\t<\/div>\n\t\t\t\t\t<\/div>\n\t\t\t\t<\/div>\n\t\t<div class=\"elementor-element elementor-element-48a3b8f e-flex e-con-boxed e-con e-parent\" data-id=\"48a3b8f\" data-element_type=\"container\" data-e-type=\"container\">\n\t\t\t\t\t<div class=\"e-con-inner\">\n\t\t<div class=\"elementor-element elementor-element-aae25a7 e-con-full e-flex e-con e-child\" data-id=\"aae25a7\" data-element_type=\"container\" data-e-type=\"container\">\n\t\t\t\t<div class=\"elementor-element elementor-element-1944799 elementor-widget elementor-widget-image\" data-id=\"1944799\" data-element_type=\"widget\" data-e-type=\"widget\" data-widget_type=\"image.default\">\n\t\t\t\t\t\t\t\t\t\t\t\t\t\t\t<img decoding=\"async\" src=\"https:\/\/salehicamisetas.com\/wp-content\/uploads\/elementor\/thumbs\/140-rgqdfs3rj3mfnc4iowalipgskh0kqmoz61kyr4oluo.jpg\" title=\"140\" alt=\"140\" loading=\"lazy\" \/>\t\t\t\t\t\t\t\t\t\t\t\t\t\t\t<\/div>\n\t\t\t\t<div class=\"elementor-element elementor-element-b1e82e1 elementor-widget elementor-widget-heading\" data-id=\"b1e82e1\" data-element_type=\"widget\" data-e-type=\"widget\" data-widget_type=\"heading.default\">\n\t\t\t\t\t<h2 class=\"elementor-heading-title elementor-size-default\">Impresi\u00f3n textil personalizada<\/h2>\t\t\t\t<\/div>\n\t\t\t\t<div class=\"elementor-element elementor-element-8d20308 elementor-widget elementor-widget-text-editor\" data-id=\"8d20308\" data-element_type=\"widget\" data-e-type=\"widget\" data-widget_type=\"text-editor.default\">\n\t\t\t\t\t\t\t\t\t<ul><li data-start=\"200\" data-end=\"231\">Serigraf\u00eda textil profesional<\/li><li data-start=\"200\" data-end=\"231\">Impresi\u00f3n de camisetas personalizadas<\/li><li data-start=\"200\" data-end=\"231\">Impresi\u00f3n de sudaderas personalizadas<\/li><li data-start=\"200\" data-end=\"231\">Estampaci\u00f3n con im\u00e1genes, dise\u00f1os o logotipos<\/li><li data-start=\"200\" data-end=\"231\">Personalizaci\u00f3n para particulares, empresas, eventos y marcas<\/li><\/ul>\t\t\t\t\t\t\t\t<\/div>\n\t\t\t\t<\/div>\n\t\t<div class=\"elementor-element elementor-element-0dfc5fa e-con-full e-flex e-con e-child\" data-id=\"0dfc5fa\" data-element_type=\"container\" data-e-type=\"container\">\n\t\t\t\t<div class=\"elementor-element elementor-element-dfc45a9 elementor-widget elementor-widget-image\" data-id=\"dfc45a9\" data-element_type=\"widget\" data-e-type=\"widget\" data-widget_type=\"image.default\">\n\t\t\t\t\t\t\t\t\t\t\t\t\t\t\t<img decoding=\"async\" src=\"https:\/\/salehicamisetas.com\/wp-content\/uploads\/elementor\/thumbs\/48748-rgqaxwra3clhlio1h1sq4dw7w7z6sfwvh83owpxork.jpg\" title=\"48748\" alt=\"48748\" loading=\"lazy\" \/>\t\t\t\t\t\t\t\t\t\t\t\t\t\t\t<\/div>\n\t\t\t\t<div class=\"elementor-element elementor-element-7ad1eb5 elementor-widget elementor-widget-heading\" data-id=\"7ad1eb5\" data-element_type=\"widget\" data-e-type=\"widget\" data-widget_type=\"heading.default\">\n\t\t\t\t\t<h2 class=\"elementor-heading-title elementor-size-default\">Ropa de moda joven<\/h2>\t\t\t\t<\/div>\n\t\t\t\t<div class=\"elementor-element elementor-element-a5f5100 elementor-widget elementor-widget-text-editor\" data-id=\"a5f5100\" data-element_type=\"widget\" data-e-type=\"widget\" data-widget_type=\"text-editor.default\">\n\t\t\t\t\t\t\t\t\t<ul><li data-start=\"463\" data-end=\"474\">Camisetas<\/li><li data-start=\"463\" data-end=\"474\">Sudaderas<\/li><li data-start=\"463\" data-end=\"474\">Prendas casuales y urbanas<\/li><li data-start=\"463\" data-end=\"474\">Moda actual y tendencias juveniles<\/li><li style=\"list-style-type: none;\">\u00a0<\/li><\/ul>\t\t\t\t\t\t\t\t<\/div>\n\t\t\t\t<\/div>\n\t\t<div class=\"elementor-element elementor-element-2d521e5 e-con-full e-flex e-con e-child\" data-id=\"2d521e5\" data-element_type=\"container\" data-e-type=\"container\">\n\t\t\t\t<div class=\"elementor-element elementor-element-dd1085d elementor-widget elementor-widget-image\" data-id=\"dd1085d\" data-element_type=\"widget\" data-e-type=\"widget\" data-widget_type=\"image.default\">\n\t\t\t\t\t\t\t\t\t\t\t\t\t\t\t<img decoding=\"async\" src=\"https:\/\/salehicamisetas.com\/wp-content\/uploads\/elementor\/thumbs\/50798-rgqcuom64yqr2erpvs01k14cl4zzz6xuxmgmzjypi8.jpg\" title=\"50798\" alt=\"50798\" loading=\"lazy\" \/>\t\t\t\t\t\t\t\t\t\t\t\t\t\t\t<\/div>\n\t\t\t\t<div class=\"elementor-element elementor-element-2c978db elementor-widget elementor-widget-heading\" data-id=\"2c978db\" data-element_type=\"widget\" data-e-type=\"widget\" data-widget_type=\"heading.default\">\n\t\t\t\t\t<h2 class=\"elementor-heading-title elementor-size-default\">Complementos y accesorios<\/h2>\t\t\t\t<\/div>\n\t\t\t\t<div class=\"elementor-element elementor-element-867948e elementor-widget elementor-widget-text-editor\" data-id=\"867948e\" data-element_type=\"widget\" data-e-type=\"widget\" data-widget_type=\"text-editor.default\">\n\t\t\t\t\t\t\t\t\t<ul><li data-start=\"597\" data-end=\"609\">Pendientes<\/li><li data-start=\"597\" data-end=\"609\">Bolsos<\/li><li data-start=\"597\" data-end=\"609\">Gorras<\/li><li data-start=\"198\" data-end=\"231\">Accesorios de moda<\/li><\/ul>\t\t\t\t\t\t\t\t<\/div>\n\t\t\t\t<\/div>\n\t\t\t\t\t<\/div>\n\t\t\t\t<\/div>\n\t\t<div class=\"elementor-element elementor-element-a0875de animated-slow e-flex e-con-boxed elementor-invisible e-con e-parent\" data-id=\"a0875de\" data-element_type=\"container\" data-e-type=\"container\" data-settings=\"{&quot;animation&quot;:&quot;fadeIn&quot;}\">\n\t\t\t\t\t<div class=\"e-con-inner\">\n\t\t<div class=\"elementor-element elementor-element-5fa7f3d e-con-full e-flex elementor-invisible e-con e-child\" data-id=\"5fa7f3d\" data-element_type=\"container\" data-e-type=\"container\" data-settings=\"{&quot;animation&quot;:&quot;fadeIn&quot;}\">\n\t\t\t\t<div class=\"elementor-element elementor-element-f3de3e1 elementor-widget elementor-widget-heading\" data-id=\"f3de3e1\" data-element_type=\"widget\" data-e-type=\"widget\" data-widget_type=\"heading.default\">\n\t\t\t\t\t<h2 class=\"elementor-heading-title elementor-size-default\">\u00a1Vis\u00edtanos para descubrir m\u00e1s!<\/h2>\t\t\t\t<\/div>\n\t\t\t\t<\/div>\n\t\t\t\t<div class=\"elementor-element elementor-element-5806a1e elementor-align-center elementor-invisible elementor-widget elementor-widget-button\" data-id=\"5806a1e\" data-element_type=\"widget\" data-e-type=\"widget\" data-settings=\"{&quot;_animation&quot;:&quot;fadeInUp&quot;}\" data-widget_type=\"button.default\">\n\t\t\t\t\t\t\t\t\t\t<a class=\"elementor-button elementor-button-link elementor-size-sm\" href=\"https:\/\/salehicamisetas.com\/en\/contacto\/\">\n\t\t\t\t\t\t<span class=\"elementor-button-content-wrapper\">\n\t\t\t\t\t\t\t\t\t<span class=\"elementor-button-text\">Cont\u00e1ctanos<\/span>\n\t\t\t\t\t<\/span>\n\t\t\t\t\t<\/a>\n\t\t\t\t\t\t\t\t<\/div>\n\t\t\t\t\t<\/div>\n\t\t\t\t<\/div>\n\t\t\t\t<\/div>","protected":false},"excerpt":{"rendered":"<p>Personaliza tu estilo Productos y Servicios Impresi\u00f3n textil personalizada Serigraf\u00eda textil profesional Impresi\u00f3n de camisetas personalizadas Impresi\u00f3n de sudaderas personalizadas Estampaci\u00f3n con im\u00e1genes, dise\u00f1os o logotipos Personalizaci\u00f3n para particulares, empresas, eventos y marcas Ropa de moda joven Camisetas Sudaderas Prendas casuales y urbanas Moda actual y tendencias juveniles \u00a0 Complementos y accesorios Pendientes Bolsos Gorras [&hellip;]<\/p>\n","protected":false},"author":1,"featured_media":0,"parent":0,"menu_order":0,"comment_status":"closed","ping_status":"closed","template":"elementor_canvas","meta":{"footnotes":""},"class_list":["post-13","page","type-page","status-publish","hentry"],"yoast_head":"<!-- This site is optimized with the Yoast SEO plugin v27.4 - https:\/\/yoast.com\/product\/yoast-seo-wordpress\/ -->\n<title>Productos - Salehi Camisetas<\/title>\n<meta name=\"robots\" content=\"index, follow, max-snippet:-1, max-image-preview:large, max-video-preview:-1\" \/>\n<link rel=\"canonical\" href=\"https:\/\/salehicamisetas.com\/en\/productos\/\" \/>\n<meta property=\"og:locale\" content=\"en_GB\" \/>\n<meta property=\"og:type\" content=\"article\" \/>\n<meta property=\"og:title\" content=\"Productos - Salehi Camisetas\" \/>\n<meta property=\"og:description\" content=\"Personaliza tu estilo Productos y Servicios Impresi\u00f3n textil personalizada Serigraf\u00eda textil profesional Impresi\u00f3n de camisetas personalizadas Impresi\u00f3n de sudaderas personalizadas Estampaci\u00f3n con im\u00e1genes, dise\u00f1os o logotipos Personalizaci\u00f3n para particulares, empresas, eventos y marcas Ropa de moda joven Camisetas Sudaderas Prendas casuales y urbanas Moda actual y tendencias juveniles \u00a0 Complementos y accesorios Pendientes Bolsos Gorras [&hellip;]\" \/>\n<meta property=\"og:url\" content=\"https:\/\/salehicamisetas.com\/en\/productos\/\" \/>\n<meta property=\"og:site_name\" content=\"Salehi Camisetas\" \/>\n<meta property=\"article:modified_time\" content=\"2025-12-29T16:20:05+00:00\" \/>\n<meta property=\"og:image\" content=\"https:\/\/salehicamisetas.com\/wp-content\/uploads\/elementor\/thumbs\/140-rgqdfs3rj3mfnc4iowalipgskh0kqmoz61kyr4oluo.jpg\" \/>\n<meta name=\"twitter:card\" content=\"summary_large_image\" \/>\n<meta name=\"twitter:label1\" content=\"Estimated reading time\" \/>\n\t<meta name=\"twitter:data1\" content=\"1 minute\" \/>\n<script type=\"application\/ld+json\" class=\"yoast-schema-graph\">{\"@context\":\"https:\\\/\\\/schema.org\",\"@graph\":[{\"@type\":\"WebPage\",\"@id\":\"https:\\\/\\\/salehicamisetas.com\\\/productos\\\/\",\"url\":\"https:\\\/\\\/salehicamisetas.com\\\/productos\\\/\",\"name\":\"Productos - Salehi Camisetas\",\"isPartOf\":{\"@id\":\"https:\\\/\\\/salehicamisetas.com\\\/#website\"},\"primaryImageOfPage\":{\"@id\":\"https:\\\/\\\/salehicamisetas.com\\\/productos\\\/#primaryimage\"},\"image\":{\"@id\":\"https:\\\/\\\/salehicamisetas.com\\\/productos\\\/#primaryimage\"},\"thumbnailUrl\":\"https:\\\/\\\/salehicamisetas.com\\\/wp-content\\\/uploads\\\/elementor\\\/thumbs\\\/140-rgqdfs3rj3mfnc4iowalipgskh0kqmoz61kyr4oluo.jpg\",\"datePublished\":\"2025-12-26T12:29:54+00:00\",\"dateModified\":\"2025-12-29T16:20:05+00:00\",\"breadcrumb\":{\"@id\":\"https:\\\/\\\/salehicamisetas.com\\\/productos\\\/#breadcrumb\"},\"inLanguage\":\"en-GB\",\"potentialAction\":[{\"@type\":\"ReadAction\",\"target\":[\"https:\\\/\\\/salehicamisetas.com\\\/productos\\\/\"]}]},{\"@type\":\"ImageObject\",\"inLanguage\":\"en-GB\",\"@id\":\"https:\\\/\\\/salehicamisetas.com\\\/productos\\\/#primaryimage\",\"url\":\"https:\\\/\\\/salehicamisetas.com\\\/wp-content\\\/uploads\\\/elementor\\\/thumbs\\\/140-rgqdfs3rj3mfnc4iowalipgskh0kqmoz61kyr4oluo.jpg\",\"contentUrl\":\"https:\\\/\\\/salehicamisetas.com\\\/wp-content\\\/uploads\\\/elementor\\\/thumbs\\\/140-rgqdfs3rj3mfnc4iowalipgskh0kqmoz61kyr4oluo.jpg\"},{\"@type\":\"BreadcrumbList\",\"@id\":\"https:\\\/\\\/salehicamisetas.com\\\/productos\\\/#breadcrumb\",\"itemListElement\":[{\"@type\":\"ListItem\",\"position\":1,\"name\":\"Portada\",\"item\":\"https:\\\/\\\/salehicamisetas.com\\\/\"},{\"@type\":\"ListItem\",\"position\":2,\"name\":\"Productos\"}]},{\"@type\":\"WebSite\",\"@id\":\"https:\\\/\\\/salehicamisetas.com\\\/#website\",\"url\":\"https:\\\/\\\/salehicamisetas.com\\\/\",\"name\":\"Salehi Camisetas\",\"description\":\"Venta de ropa .moda joven e Impresion (serigrafia) textil\",\"publisher\":{\"@id\":\"https:\\\/\\\/salehicamisetas.com\\\/#organization\"},\"potentialAction\":[{\"@type\":\"SearchAction\",\"target\":{\"@type\":\"EntryPoint\",\"urlTemplate\":\"https:\\\/\\\/salehicamisetas.com\\\/?s={search_term_string}\"},\"query-input\":{\"@type\":\"PropertyValueSpecification\",\"valueRequired\":true,\"valueName\":\"search_term_string\"}}],\"inLanguage\":\"en-GB\"},{\"@type\":\"Organization\",\"@id\":\"https:\\\/\\\/salehicamisetas.com\\\/#organization\",\"name\":\"Salehi Camisetas\",\"url\":\"https:\\\/\\\/salehicamisetas.com\\\/\",\"logo\":{\"@type\":\"ImageObject\",\"inLanguage\":\"en-GB\",\"@id\":\"https:\\\/\\\/salehicamisetas.com\\\/#\\\/schema\\\/logo\\\/image\\\/\",\"url\":\"https:\\\/\\\/salehicamisetas.com\\\/wp-content\\\/uploads\\\/2025\\\/12\\\/cropped-salehibilbao202506_logoarriba.jpg\",\"contentUrl\":\"https:\\\/\\\/salehicamisetas.com\\\/wp-content\\\/uploads\\\/2025\\\/12\\\/cropped-salehibilbao202506_logoarriba.jpg\",\"width\":346,\"height\":133,\"caption\":\"Salehi Camisetas\"},\"image\":{\"@id\":\"https:\\\/\\\/salehicamisetas.com\\\/#\\\/schema\\\/logo\\\/image\\\/\"}}]}<\/script>\n<!-- \/ Yoast SEO plugin. -->","yoast_head_json":{"title":"Productos - Salehi Camisetas","robots":{"index":"index","follow":"follow","max-snippet":"max-snippet:-1","max-image-preview":"max-image-preview:large","max-video-preview":"max-video-preview:-1"},"canonical":"https:\/\/salehicamisetas.com\/en\/productos\/","og_locale":"en_GB","og_type":"article","og_title":"Productos - Salehi Camisetas","og_description":"Personaliza tu estilo Productos y Servicios Impresi\u00f3n textil personalizada Serigraf\u00eda textil profesional Impresi\u00f3n de camisetas personalizadas Impresi\u00f3n de sudaderas personalizadas Estampaci\u00f3n con im\u00e1genes, dise\u00f1os o logotipos Personalizaci\u00f3n para particulares, empresas, eventos y marcas Ropa de moda joven Camisetas Sudaderas Prendas casuales y urbanas Moda actual y tendencias juveniles \u00a0 Complementos y accesorios Pendientes Bolsos Gorras [&hellip;]","og_url":"https:\/\/salehicamisetas.com\/en\/productos\/","og_site_name":"Salehi Camisetas","article_modified_time":"2025-12-29T16:20:05+00:00","og_image":[{"url":"https:\/\/salehicamisetas.com\/wp-content\/uploads\/elementor\/thumbs\/140-rgqdfs3rj3mfnc4iowalipgskh0kqmoz61kyr4oluo.jpg","type":"","width":"","height":""}],"twitter_card":"summary_large_image","twitter_misc":{"Estimated reading time":"1 minute"},"schema":{"@context":"https:\/\/schema.org","@graph":[{"@type":"WebPage","@id":"https:\/\/salehicamisetas.com\/productos\/","url":"https:\/\/salehicamisetas.com\/productos\/","name":"Productos - Salehi Camisetas","isPartOf":{"@id":"https:\/\/salehicamisetas.com\/#website"},"primaryImageOfPage":{"@id":"https:\/\/salehicamisetas.com\/productos\/#primaryimage"},"image":{"@id":"https:\/\/salehicamisetas.com\/productos\/#primaryimage"},"thumbnailUrl":"https:\/\/salehicamisetas.com\/wp-content\/uploads\/elementor\/thumbs\/140-rgqdfs3rj3mfnc4iowalipgskh0kqmoz61kyr4oluo.jpg","datePublished":"2025-12-26T12:29:54+00:00","dateModified":"2025-12-29T16:20:05+00:00","breadcrumb":{"@id":"https:\/\/salehicamisetas.com\/productos\/#breadcrumb"},"inLanguage":"en-GB","potentialAction":[{"@type":"ReadAction","target":["https:\/\/salehicamisetas.com\/productos\/"]}]},{"@type":"ImageObject","inLanguage":"en-GB","@id":"https:\/\/salehicamisetas.com\/productos\/#primaryimage","url":"https:\/\/salehicamisetas.com\/wp-content\/uploads\/elementor\/thumbs\/140-rgqdfs3rj3mfnc4iowalipgskh0kqmoz61kyr4oluo.jpg","contentUrl":"https:\/\/salehicamisetas.com\/wp-content\/uploads\/elementor\/thumbs\/140-rgqdfs3rj3mfnc4iowalipgskh0kqmoz61kyr4oluo.jpg"},{"@type":"BreadcrumbList","@id":"https:\/\/salehicamisetas.com\/productos\/#breadcrumb","itemListElement":[{"@type":"ListItem","position":1,"name":"Portada","item":"https:\/\/salehicamisetas.com\/"},{"@type":"ListItem","position":2,"name":"Productos"}]},{"@type":"WebSite","@id":"https:\/\/salehicamisetas.com\/#website","url":"https:\/\/salehicamisetas.com\/","name":"Salehi Camisetas","description":"Venta de ropa .moda joven e Impresion (serigrafia) textil","publisher":{"@id":"https:\/\/salehicamisetas.com\/#organization"},"potentialAction":[{"@type":"SearchAction","target":{"@type":"EntryPoint","urlTemplate":"https:\/\/salehicamisetas.com\/?s={search_term_string}"},"query-input":{"@type":"PropertyValueSpecification","valueRequired":true,"valueName":"search_term_string"}}],"inLanguage":"en-GB"},{"@type":"Organization","@id":"https:\/\/salehicamisetas.com\/#organization","name":"Salehi Camisetas","url":"https:\/\/salehicamisetas.com\/","logo":{"@type":"ImageObject","inLanguage":"en-GB","@id":"https:\/\/salehicamisetas.com\/#\/schema\/logo\/image\/","url":"https:\/\/salehicamisetas.com\/wp-content\/uploads\/2025\/12\/cropped-salehibilbao202506_logoarriba.jpg","contentUrl":"https:\/\/salehicamisetas.com\/wp-content\/uploads\/2025\/12\/cropped-salehibilbao202506_logoarriba.jpg","width":346,"height":133,"caption":"Salehi Camisetas"},"image":{"@id":"https:\/\/salehicamisetas.com\/#\/schema\/logo\/image\/"}}]}},"_links":{"self":[{"href":"https:\/\/salehicamisetas.com\/en\/wp-json\/wp\/v2\/pages\/13","targetHints":{"allow":["GET"]}}],"collection":[{"href":"https:\/\/salehicamisetas.com\/en\/wp-json\/wp\/v2\/pages"}],"about":[{"href":"https:\/\/salehicamisetas.com\/en\/wp-json\/wp\/v2\/types\/page"}],"author":[{"embeddable":true,"href":"https:\/\/salehicamisetas.com\/en\/wp-json\/wp\/v2\/users\/1"}],"replies":[{"embeddable":true,"href":"https:\/\/salehicamisetas.com\/en\/wp-json\/wp\/v2\/comments?post=13"}],"version-history":[{"count":43,"href":"https:\/\/salehicamisetas.com\/en\/wp-json\/wp\/v2\/pages\/13\/revisions"}],"predecessor-version":[{"id":302,"href":"https:\/\/salehicamisetas.com\/en\/wp-json\/wp\/v2\/pages\/13\/revisions\/302"}],"wp:attachment":[{"href":"https:\/\/salehicamisetas.com\/en\/wp-json\/wp\/v2\/media?parent=13"}],"curies":[{"name":"wp","href":"https:\/\/api.w.org\/{rel}","templated":true}]}}